{"id":916,"date":"2021-08-18T19:32:28","date_gmt":"2021-08-18T19:32:28","guid":{"rendered":"https:\/\/postabortionsupport.ca\/?page_id=916"},"modified":"2022-03-31T17:39:57","modified_gmt":"2022-03-31T17:39:57","slug":"alleger","status":"publish","type":"page","link":"https:\/\/postabortionsupport.ca\/index.php\/bienvenue\/alleger\/","title":{"rendered":"All\u00e9ger"},"content":{"rendered":"\n<blockquote class=\"wp-block-quote has-text-align-left is-layout-flow wp-block-quote-is-layout-flow\"><p><sup><em>clart\u00e9&#8230;<\/em><\/sup><\/p><p><sup>que ce calme puisse s&#8217;\u00e9terniser<\/sup><\/p><p><sup>et faire taire le bruit dans ma t\u00eate<\/sup><\/p><p><sup>pour que je puisse entendre la voix de mon coeur<\/sup><\/p><cite><sup>&#8211; butterflies rising<\/sup><\/cite><\/blockquote>\n\n\n\n<div style=\"height:15px\" aria-hidden=\"true\" class=\"wp-block-spacer desktop-only\"><\/div>\n\n\n\n<p class=\"has-text-align-left\">Les ressources ci-dessous proviennent de documents cr\u00e9\u00e9s par l&#8217;\u00e9quipe du Everywoman&#8217;s Health Centre de Vancouver en Colombie-Britannique qui a eu la gentillesse de bien vouloir les partager. Vous y trouverez beaucoup de compassion, de compr\u00e9hension ainsi que des techniques d&#8217;adaptation simples.<\/p>\n\n\n\n<div class=\"wp-block-columns alignwide has-3-columns is-layout-flex wp-container-core-columns-is-layout-9d6595d7 wp-block-columns-is-layout-flex\">\n<div class=\"wp-block-column is-layout-flow wp-block-column-is-layout-flow\">\n<div class=\"wp-block-image\"><figure class=\"aligncenter size-large\"><img loading=\"lazy\" decoding=\"async\" width=\"1024\" height=\"685\" src=\"https:\/\/postabortionsupport.ca\/wp-content\/uploads\/2021\/07\/jens-lelie-u0vgcIOQG08-unsplash-1024x685.jpg\" alt=\"\" class=\"wp-image-659\" srcset=\"https:\/\/postabortionsupport.ca\/wp-content\/uploads\/2021\/07\/jens-lelie-u0vgcIOQG08-unsplash-1024x685.jpg 1024w, https:\/\/postabortionsupport.ca\/wp-content\/uploads\/2021\/07\/jens-lelie-u0vgcIOQG08-unsplash-300x201.jpg 300w, https:\/\/postabortionsupport.ca\/wp-content\/uploads\/2021\/07\/jens-lelie-u0vgcIOQG08-unsplash-768x514.jpg 768w, https:\/\/postabortionsupport.ca\/wp-content\/uploads\/2021\/07\/jens-lelie-u0vgcIOQG08-unsplash-1536x1028.jpg 1536w, https:\/\/postabortionsupport.ca\/wp-content\/uploads\/2021\/07\/jens-lelie-u0vgcIOQG08-unsplash-2048x1371.jpg 2048w, https:\/\/postabortionsupport.ca\/wp-content\/uploads\/2021\/07\/jens-lelie-u0vgcIOQG08-unsplash-538x360.jpg 538w\" sizes=\"auto, (max-width: 1024px) 100vw, 1024px\" \/><\/figure><\/div>\n\n\n\n<h3 class=\"has-text-align-center wp-block-heading\"><a href=\"https:\/\/postabortionsupport.ca\/fr\/index.php\/bienvenue\/alleger\/prendre-la-decision\/\" target=\"_blank\" rel=\"noreferrer noopener\">Prendre la d\u00e9cision<\/a><\/h3>\n\n\n\n<p class=\"has-text-align-center has-small-font-size\">Les circonstances<\/p>\n<\/div>\n\n\n\n<div class=\"wp-block-column is-layout-flow wp-block-column-is-layout-flow\">\n<div class=\"wp-block-image\"><figure class=\"aligncenter size-large\"><img loading=\"lazy\" decoding=\"async\" width=\"1024\" height=\"683\" src=\"https:\/\/postabortionsupport.ca\/wp-content\/uploads\/2021\/07\/48C9A6A7-A322-47CA-BE61-C955CF41FA49-1024x683.jpg\" alt=\"\" class=\"wp-image-664\" srcset=\"https:\/\/postabortionsupport.ca\/wp-content\/uploads\/2021\/07\/48C9A6A7-A322-47CA-BE61-C955CF41FA49-1024x683.jpg 1024w, https:\/\/postabortionsupport.ca\/wp-content\/uploads\/2021\/07\/48C9A6A7-A322-47CA-BE61-C955CF41FA49-300x200.jpg 300w, https:\/\/postabortionsupport.ca\/wp-content\/uploads\/2021\/07\/48C9A6A7-A322-47CA-BE61-C955CF41FA49-768x512.jpg 768w, https:\/\/postabortionsupport.ca\/wp-content\/uploads\/2021\/07\/48C9A6A7-A322-47CA-BE61-C955CF41FA49-1536x1024.jpg 1536w, https:\/\/postabortionsupport.ca\/wp-content\/uploads\/2021\/07\/48C9A6A7-A322-47CA-BE61-C955CF41FA49-2048x1365.jpg 2048w, https:\/\/postabortionsupport.ca\/wp-content\/uploads\/2021\/07\/48C9A6A7-A322-47CA-BE61-C955CF41FA49-540x360.jpg 540w\" sizes=\"auto, (max-width: 1024px) 100vw, 1024px\" \/><\/figure><\/div>\n\n\n\n<h3 class=\"has-text-align-center wp-block-heading\"><a href=\"https:\/\/postabortionsupport.ca\/index.php\/home\/self-help-resources\/coping-and-caring\/\">Prendre soin de soi<\/a><\/h3>\n\n\n\n<p class=\"has-text-align-center has-small-font-size\">Apr\u00e8s un avortement<\/p>\n<\/div>\n\n\n\n<div class=\"wp-block-column is-layout-flow wp-block-column-is-layout-flow\">\n<div class=\"wp-block-image is-style-default\"><figure class=\"aligncenter size-full\"><img loading=\"lazy\" decoding=\"async\" width=\"1024\" height=\"683\" src=\"https:\/\/postabortionsupport.ca\/wp-content\/uploads\/2022\/03\/Tasse.jpg\" alt=\"\" class=\"wp-image-1234\" srcset=\"https:\/\/postabortionsupport.ca\/wp-content\/uploads\/2022\/03\/Tasse.jpg 1024w, https:\/\/postabortionsupport.ca\/wp-content\/uploads\/2022\/03\/Tasse-300x200.jpg 300w, https:\/\/postabortionsupport.ca\/wp-content\/uploads\/2022\/03\/Tasse-768x512.jpg 768w, https:\/\/postabortionsupport.ca\/wp-content\/uploads\/2022\/03\/Tasse-540x360.jpg 540w\" sizes=\"auto, (max-width: 1024px) 100vw, 1024px\" \/><\/figure><\/div>\n\n\n\n<h3 class=\"has-text-align-center wp-block-heading\"><a href=\"https:\/\/postabortionsupport.ca\/index.php\/home\/self-help-resources\/compassion-and-transformation\/\">Transformer les \u00e9motions<\/a><\/h3>\n\n\n\n<p class=\"has-text-align-center has-small-font-size\">G\u00e9rer les sentiments difficiles<\/p>\n<\/div>\n<\/div>\n\n\n\n<p><\/p>\n","protected":false},"excerpt":{"rendered":"<p>clart\u00e9&#8230; que ce calme puisse s&#8217;\u00e9terniser et faire taire le bruit dans ma t\u00eate pour que je puisse entendre la voix de mon coeur &#8211; butterflies rising Les ressources ci-dessous proviennent de documents cr\u00e9\u00e9s par l&#8217;\u00e9quipe du Everywoman&#8217;s Health Centre&hellip;  <\/p>\n<p class=\"more-link\"><a href=\"https:\/\/postabortionsupport.ca\/index.php\/bienvenue\/alleger\/\">Continue reading <span class=\"meta-nav\">&rarr;<\/span><\/a><\/p>\n","protected":false},"author":2,"featured_media":0,"parent":814,"menu_order":3,"comment_status":"closed","ping_status":"closed","template":"","meta":{"footnotes":""},"class_list":["post-916","page","type-page","status-publish","hentry"],"jetpack_sharing_enabled":true,"_links":{"self":[{"href":"https:\/\/postabortionsupport.ca\/index.php\/wp-json\/wp\/v2\/pages\/916","targetHints":{"allow":["GET"]}}],"collection":[{"href":"https:\/\/postabortionsupport.ca\/index.php\/wp-json\/wp\/v2\/pages"}],"about":[{"href":"https:\/\/postabortionsupport.ca\/index.php\/wp-json\/wp\/v2\/types\/page"}],"author":[{"embeddable":true,"href":"https:\/\/postabortionsupport.ca\/index.php\/wp-json\/wp\/v2\/users\/2"}],"replies":[{"embeddable":true,"href":"https:\/\/postabortionsupport.ca\/index.php\/wp-json\/wp\/v2\/comments?post=916"}],"version-history":[{"count":5,"href":"https:\/\/postabortionsupport.ca\/index.php\/wp-json\/wp\/v2\/pages\/916\/revisions"}],"predecessor-version":[{"id":1239,"href":"https:\/\/postabortionsupport.ca\/index.php\/wp-json\/wp\/v2\/pages\/916\/revisions\/1239"}],"up":[{"embeddable":true,"href":"https:\/\/postabortionsupport.ca\/index.php\/wp-json\/wp\/v2\/pages\/814"}],"wp:attachment":[{"href":"https:\/\/postabortionsupport.ca\/index.php\/wp-json\/wp\/v2\/media?parent=916"}],"curies":[{"name":"wp","href":"https:\/\/api.w.org\/{rel}","templated":true}]}}