{"id":240,"date":"2020-11-30T22:21:16","date_gmt":"2020-12-01T03:21:16","guid":{"rendered":"https:\/\/postabortionsupportcanada.wordpress.com\/?page_id=240"},"modified":"2021-08-18T19:20:38","modified_gmt":"2021-08-18T19:20:38","slug":"acknowledgements","status":"publish","type":"page","link":"https:\/\/postabortionsupport.ca\/index.php\/home\/acknowledgements\/","title":{"rendered":"Thanks \/ Merci"},"content":{"rendered":"\n<p class=\"has-text-align-left\">This website came to be out of inspiration, and then support came in various forms and from dear people all over the country. It warmed my heart and gave me wings.<\/p>\n\n\n\n<div style=\"height:32px\" aria-hidden=\"true\" class=\"wp-block-spacer\"><\/div>\n\n\n\n<div class=\"wp-block-media-text alignwide is-stacked-on-mobile\"><figure class=\"wp-block-media-text__media\"><a href=\"https:\/\/www.clinique-femina.com\/en\/home\/\" target=\"_blank\" rel=\"noopener\"><img loading=\"lazy\" decoding=\"async\" width=\"1024\" height=\"682\" src=\"https:\/\/postabortionsupport.ca\/wp-content\/uploads\/2021\/06\/daisies-1403041_1920-1024x682.jpg\" alt=\"\" class=\"wp-image-521 size-full\" srcset=\"https:\/\/postabortionsupport.ca\/wp-content\/uploads\/2021\/06\/daisies-1403041_1920-1024x682.jpg 1024w, https:\/\/postabortionsupport.ca\/wp-content\/uploads\/2021\/06\/daisies-1403041_1920-300x200.jpg 300w, https:\/\/postabortionsupport.ca\/wp-content\/uploads\/2021\/06\/daisies-1403041_1920-768x512.jpg 768w, https:\/\/postabortionsupport.ca\/wp-content\/uploads\/2021\/06\/daisies-1403041_1920-1536x1023.jpg 1536w, https:\/\/postabortionsupport.ca\/wp-content\/uploads\/2021\/06\/daisies-1403041_1920-540x360.jpg 540w, https:\/\/postabortionsupport.ca\/wp-content\/uploads\/2021\/06\/daisies-1403041_1920.jpg 1920w\" sizes=\"auto, (max-width: 1024px) 100vw, 1024px\" \/><\/a><\/figure><div class=\"wp-block-media-text__content\">\n<h3 class=\"has-text-align-left wp-block-heading\"><a rel=\"noreferrer noopener\" href=\"https:\/\/www.clinique-femina.com\/en\/home\/\" target=\"_blank\">Clinique F\u00e9mina (Montreal)<\/a><\/h3>\n\n\n\n<p class=\"has-text-align-left\" style=\"font-size:16px\">Une \u00e9quipe formidable, une philosophie qui s&#8217;appuie sur le respect et le confort de la patiente; des c\u0153urs d\u00e9vou\u00e9s au soutien et au bien-\u00eatre des femmes. Vous m&#8217;inspirez chaque jour !<\/p>\n<\/div><\/div>\n\n\n\n<div class=\"wp-block-media-text alignwide has-media-on-the-right is-stacked-on-mobile\"><figure class=\"wp-block-media-text__media\"><a href=\"https:\/\/everywomanshealthcentre.ca\/\" target=\"_blank\" rel=\"noopener\"><img loading=\"lazy\" decoding=\"async\" width=\"650\" height=\"480\" src=\"https:\/\/postabortionsupport.ca\/wp-content\/uploads\/2021\/04\/being-heard.jpg\" alt=\"\" class=\"wp-image-435 size-full\" srcset=\"https:\/\/postabortionsupport.ca\/wp-content\/uploads\/2021\/04\/being-heard.jpg 650w, https:\/\/postabortionsupport.ca\/wp-content\/uploads\/2021\/04\/being-heard-300x222.jpg 300w, https:\/\/postabortionsupport.ca\/wp-content\/uploads\/2021\/04\/being-heard-488x360.jpg 488w\" sizes=\"auto, (max-width: 650px) 100vw, 650px\" \/><\/a><\/figure><div class=\"wp-block-media-text__content\">\n<h3 class=\"has-text-align-left wp-block-heading\"><a href=\"https:\/\/everywomanshealthcentre.ca\/\" target=\"_blank\" rel=\"noreferrer noopener\">Everywoman&#8217;s Health Center (British Columbia)<\/a><\/h3>\n\n\n\n<p class=\"has-text-align-left\" style=\"font-size:16px\">The self-help pages of this site come from the generosity of the counsellors at this clinic.  I am so grateful for their prompt answers to my questions as I was putting this project together and their willingness to help.<\/p>\n<\/div><\/div>\n\n\n\n<div class=\"wp-block-media-text alignwide is-stacked-on-mobile\"><figure class=\"wp-block-media-text__media\"><a href=\"http:\/\/ppt.on.ca\/\" target=\"_blank\" rel=\"noopener\"><img loading=\"lazy\" decoding=\"async\" width=\"1024\" height=\"683\" src=\"https:\/\/postabortionsupport.ca\/wp-content\/uploads\/2021\/05\/hands-2847508_1920-1024x683.jpg\" alt=\"\" class=\"wp-image-473 size-full\" srcset=\"https:\/\/postabortionsupport.ca\/wp-content\/uploads\/2021\/05\/hands-2847508_1920-1024x683.jpg 1024w, https:\/\/postabortionsupport.ca\/wp-content\/uploads\/2021\/05\/hands-2847508_1920-300x200.jpg 300w, https:\/\/postabortionsupport.ca\/wp-content\/uploads\/2021\/05\/hands-2847508_1920-768x512.jpg 768w, https:\/\/postabortionsupport.ca\/wp-content\/uploads\/2021\/05\/hands-2847508_1920-1536x1024.jpg 1536w, https:\/\/postabortionsupport.ca\/wp-content\/uploads\/2021\/05\/hands-2847508_1920-540x360.jpg 540w, https:\/\/postabortionsupport.ca\/wp-content\/uploads\/2021\/05\/hands-2847508_1920.jpg 1920w\" sizes=\"auto, (max-width: 1024px) 100vw, 1024px\" \/><\/a><\/figure><div class=\"wp-block-media-text__content\">\n<h3 class=\"has-text-align-left wp-block-heading\"><a href=\"http:\/\/ppt.on.ca\/\" target=\"_blank\" rel=\"noreferrer noopener\">Planned Parenthood (Toronto)<\/a><\/h3>\n\n\n\n<p class=\"has-text-align-left\" style=\"font-size:16px\">For their in-depth answers about the support they offer, and their willingness to assist and discuss how to improve access to emotional support resources for women who might need them.<\/p>\n<\/div><\/div>\n\n\n\n<div class=\"wp-block-media-text alignwide has-media-on-the-right is-stacked-on-mobile\"><figure class=\"wp-block-media-text__media\"><a href=\"https:\/\/www.hardyconsulting.ca\/\"><img loading=\"lazy\" decoding=\"async\" width=\"923\" height=\"1024\" src=\"https:\/\/postabortionsupport.ca\/wp-content\/uploads\/2021\/06\/women-1822476_1920-923x1024.jpg\" alt=\"\" class=\"wp-image-525 size-full\" srcset=\"https:\/\/postabortionsupport.ca\/wp-content\/uploads\/2021\/06\/women-1822476_1920-923x1024.jpg 923w, https:\/\/postabortionsupport.ca\/wp-content\/uploads\/2021\/06\/women-1822476_1920-270x300.jpg 270w, https:\/\/postabortionsupport.ca\/wp-content\/uploads\/2021\/06\/women-1822476_1920-768x852.jpg 768w, https:\/\/postabortionsupport.ca\/wp-content\/uploads\/2021\/06\/women-1822476_1920-1384x1536.jpg 1384w, https:\/\/postabortionsupport.ca\/wp-content\/uploads\/2021\/06\/women-1822476_1920-324x360.jpg 324w, https:\/\/postabortionsupport.ca\/wp-content\/uploads\/2021\/06\/women-1822476_1920.jpg 1730w\" sizes=\"auto, (max-width: 923px) 100vw, 923px\" \/><\/a><\/figure><div class=\"wp-block-media-text__content\">\n<h3 class=\"has-text-align-left wp-block-heading\"><a href=\"https:\/\/www.hardyconsulting.ca\/\" target=\"_blank\" rel=\"noreferrer noopener\">Shannon Hardy (Hardy Consulting)<\/a><\/h3>\n\n\n\n<p class=\"has-text-align-left\" style=\"font-size:16px\">Finding you felt like such perfect timing! Your training\/coaching is amazing and always brings me back on track while having fun. Thanks for believing in me.<\/p>\n<\/div><\/div>\n\n\n\n<div class=\"wp-block-media-text alignwide is-stacked-on-mobile\"><figure class=\"wp-block-media-text__media\"><a href=\"https:\/\/womenshealthclinic.org\/\" target=\"_blank\" rel=\"noopener\"><img loading=\"lazy\" decoding=\"async\" width=\"1024\" height=\"456\" src=\"https:\/\/postabortionsupport.ca\/wp-content\/uploads\/2021\/05\/volunteers-2654004_1920-1024x456.jpg\" alt=\"\" class=\"wp-image-514 size-full\" srcset=\"https:\/\/postabortionsupport.ca\/wp-content\/uploads\/2021\/05\/volunteers-2654004_1920-1024x456.jpg 1024w, https:\/\/postabortionsupport.ca\/wp-content\/uploads\/2021\/05\/volunteers-2654004_1920-300x134.jpg 300w, https:\/\/postabortionsupport.ca\/wp-content\/uploads\/2021\/05\/volunteers-2654004_1920-768x342.jpg 768w, https:\/\/postabortionsupport.ca\/wp-content\/uploads\/2021\/05\/volunteers-2654004_1920-1536x684.jpg 1536w, https:\/\/postabortionsupport.ca\/wp-content\/uploads\/2021\/05\/volunteers-2654004_1920-808x360.jpg 808w, https:\/\/postabortionsupport.ca\/wp-content\/uploads\/2021\/05\/volunteers-2654004_1920.jpg 1920w\" sizes=\"auto, (max-width: 1024px) 100vw, 1024px\" \/><\/a><\/figure><div class=\"wp-block-media-text__content\">\n<h3 class=\"has-text-align-left wp-block-heading\"><a href=\"https:\/\/womenshealthclinic.org\/\" target=\"_blank\" rel=\"noreferrer noopener\">Women&#8217;s Health Clinic (Manitoba)<\/a><\/h3>\n\n\n\n<p class=\"has-text-align-left\" style=\"font-size:16px\">Thank you for taking time over the phone to discuss this field and how to best support women through this time in their lives. I especially appreciated your passion for women&#8217;s empowerment!<\/p>\n<\/div><\/div>\n\n\n\n<div class=\"wp-block-media-text alignwide has-media-on-the-right is-stacked-on-mobile\"><figure class=\"wp-block-media-text__media\"><a href=\"https:\/\/www.youtube.com\/user\/HappyForAChange\" target=\"_blank\" rel=\"noopener\"><img loading=\"lazy\" decoding=\"async\" width=\"1024\" height=\"683\" src=\"https:\/\/postabortionsupport.ca\/wp-content\/uploads\/2021\/05\/chair-circle-2065334_1920-1024x683.jpg\" alt=\"\" class=\"wp-image-471 size-full\" srcset=\"https:\/\/postabortionsupport.ca\/wp-content\/uploads\/2021\/05\/chair-circle-2065334_1920-1024x683.jpg 1024w, https:\/\/postabortionsupport.ca\/wp-content\/uploads\/2021\/05\/chair-circle-2065334_1920-300x200.jpg 300w, https:\/\/postabortionsupport.ca\/wp-content\/uploads\/2021\/05\/chair-circle-2065334_1920-768x512.jpg 768w, https:\/\/postabortionsupport.ca\/wp-content\/uploads\/2021\/05\/chair-circle-2065334_1920-1536x1024.jpg 1536w, https:\/\/postabortionsupport.ca\/wp-content\/uploads\/2021\/05\/chair-circle-2065334_1920-540x360.jpg 540w, https:\/\/postabortionsupport.ca\/wp-content\/uploads\/2021\/05\/chair-circle-2065334_1920.jpg 1920w\" sizes=\"auto, (max-width: 1024px) 100vw, 1024px\" \/><\/a><\/figure><div class=\"wp-block-media-text__content\">\n<h3 class=\"has-text-align-left wp-block-heading\"><a href=\"https:\/\/www.youtube.com\/user\/HappyForAChange\" target=\"_blank\" rel=\"noreferrer noopener\">P &amp; T Hartman (Happy for a Change)<\/a><\/h3>\n\n\n\n<p class=\"has-text-align-left\" style=\"font-size:16px\">For always being there for me with motivational or technological support. Your generosity touches me deeply and I feel blessed to have walked into that meetup the very first time years ago and am so grateful for how it has changed my life since then.<\/p>\n<\/div><\/div>\n\n\n\n<div style=\"height:32px\" aria-hidden=\"true\" class=\"wp-block-spacer desktop-only\"><\/div>\n\n\n\n<hr class=\"wp-block-separator is-style-wide\"\/>\n\n\n\n<div style=\"height:32px\" aria-hidden=\"true\" class=\"wp-block-spacer\"><\/div>\n","protected":false},"excerpt":{"rendered":"<p>This website came to be out of inspiration, and then support came in various forms and from dear people all over the country. It warmed my heart and gave me wings. Clinique F\u00e9mina (Montreal) Une \u00e9quipe formidable, une philosophie qui&hellip;  <\/p>\n<p class=\"more-link\"><a href=\"https:\/\/postabortionsupport.ca\/index.php\/home\/acknowledgements\/\">Continue reading <span class=\"meta-nav\">&rarr;<\/span><\/a><\/p>\n","protected":false},"author":2,"featured_media":0,"parent":7,"menu_order":6,"comment_status":"closed","ping_status":"closed","template":"","meta":{"footnotes":""},"class_list":["post-240","page","type-page","status-publish","hentry"],"jetpack_sharing_enabled":true,"_links":{"self":[{"href":"https:\/\/postabortionsupport.ca\/index.php\/wp-json\/wp\/v2\/pages\/240","targetHints":{"allow":["GET"]}}],"collection":[{"href":"https:\/\/postabortionsupport.ca\/index.php\/wp-json\/wp\/v2\/pages"}],"about":[{"href":"https:\/\/postabortionsupport.ca\/index.php\/wp-json\/wp\/v2\/types\/page"}],"author":[{"embeddable":true,"href":"https:\/\/postabortionsupport.ca\/index.php\/wp-json\/wp\/v2\/users\/2"}],"replies":[{"embeddable":true,"href":"https:\/\/postabortionsupport.ca\/index.php\/wp-json\/wp\/v2\/comments?post=240"}],"version-history":[{"count":28,"href":"https:\/\/postabortionsupport.ca\/index.php\/wp-json\/wp\/v2\/pages\/240\/revisions"}],"predecessor-version":[{"id":915,"href":"https:\/\/postabortionsupport.ca\/index.php\/wp-json\/wp\/v2\/pages\/240\/revisions\/915"}],"up":[{"embeddable":true,"href":"https:\/\/postabortionsupport.ca\/index.php\/wp-json\/wp\/v2\/pages\/7"}],"wp:attachment":[{"href":"https:\/\/postabortionsupport.ca\/index.php\/wp-json\/wp\/v2\/media?parent=240"}],"curies":[{"name":"wp","href":"https:\/\/api.w.org\/{rel}","templated":true}]}}