{"id":814,"date":"2021-08-18T15:12:36","date_gmt":"2021-08-18T15:12:36","guid":{"rendered":"https:\/\/postabortionsupport.ca\/?page_id=814"},"modified":"2021-08-18T21:07:08","modified_gmt":"2021-08-18T21:07:08","slug":"bienvenue","status":"publish","type":"page","link":"https:\/\/postabortionsupport.ca\/fr\/","title":{"rendered":"Bienvenue !"},"content":{"rendered":"\n<div style=\"height:16px\" aria-hidden=\"true\" class=\"wp-block-spacer\"><\/div>\n\n\n\n<p class=\"has-text-align-center\">L\u2019objectif de ce site est de faciliter l\u2019acc\u00e8s aux ressources disponibles lors d\u2019une interruption de grossesse, plus particuli\u00e8rement le soutien \u00e9motionnel apr\u00e8s un avortement, une grossesse arr\u00eat\u00e9e ou une fausse couche.<\/p>\n\n\n\n<div class=\"wp-block-group\"><div class=\"wp-block-group__inner-container is-layout-flow wp-block-group-is-layout-flow\">\n<h2 class=\"has-text-align-center wp-block-heading\">Ici, vous trouverez :<\/h2>\n\n\n\n<div class=\"wp-block-columns is-layout-flex wp-container-core-columns-is-layout-9d6595d7 wp-block-columns-is-layout-flex\">\n<div class=\"wp-block-column is-layout-flow wp-block-column-is-layout-flow\">\n<p><\/p>\n\n\n\n<div class=\"wp-block-image\"><figure class=\"aligncenter size-large\"><a href=\"https:\/\/postabortionsupport.ca\/index.php\/home\/list-of-clinics\/\"><img loading=\"lazy\" decoding=\"async\" width=\"1024\" height=\"576\" src=\"https:\/\/postabortionsupport.ca\/wp-content\/uploads\/2021\/07\/215731943_514268666480350_7578373884410968981_n-1024x576.png\" alt=\"\" class=\"wp-image-693\" srcset=\"https:\/\/postabortionsupport.ca\/wp-content\/uploads\/2021\/07\/215731943_514268666480350_7578373884410968981_n-1024x576.png 1024w, https:\/\/postabortionsupport.ca\/wp-content\/uploads\/2021\/07\/215731943_514268666480350_7578373884410968981_n-300x169.png 300w, https:\/\/postabortionsupport.ca\/wp-content\/uploads\/2021\/07\/215731943_514268666480350_7578373884410968981_n-768x432.png 768w, https:\/\/postabortionsupport.ca\/wp-content\/uploads\/2021\/07\/215731943_514268666480350_7578373884410968981_n-1536x864.png 1536w, https:\/\/postabortionsupport.ca\/wp-content\/uploads\/2021\/07\/215731943_514268666480350_7578373884410968981_n-640x360.png 640w, https:\/\/postabortionsupport.ca\/wp-content\/uploads\/2021\/07\/215731943_514268666480350_7578373884410968981_n.png 1920w\" sizes=\"auto, (max-width: 1024px) 100vw, 1024px\" \/><\/a><\/figure><\/div>\n\n\n\n<p>Une liste de toutes les <a href=\"https:\/\/postabortionsupport.ca\/fr\/index.php\/bienvenue\/liste-des-cliniques-2\/\" target=\"_blank\" rel=\"noreferrer noopener\">cliniques et h\u00f4pitaux<\/a> par province indiquant celles qui offrent des services apr\u00e8s l\u2019interruption de grossesse.<\/p>\n<\/div>\n\n\n\n<div class=\"wp-block-column is-layout-flow wp-block-column-is-layout-flow\">\n<p><\/p>\n\n\n\n<figure class=\"wp-block-image size-large\"><a href=\"https:\/\/postabortionsupport.ca\/index.php\/home\/self-help-resources\/\"><img loading=\"lazy\" decoding=\"async\" width=\"1024\" height=\"576\" src=\"https:\/\/postabortionsupport.ca\/wp-content\/uploads\/2021\/07\/213410761_209815081054984_7067185949233401329_n-1024x576.png\" alt=\"\" class=\"wp-image-692\" srcset=\"https:\/\/postabortionsupport.ca\/wp-content\/uploads\/2021\/07\/213410761_209815081054984_7067185949233401329_n-1024x576.png 1024w, https:\/\/postabortionsupport.ca\/wp-content\/uploads\/2021\/07\/213410761_209815081054984_7067185949233401329_n-300x169.png 300w, https:\/\/postabortionsupport.ca\/wp-content\/uploads\/2021\/07\/213410761_209815081054984_7067185949233401329_n-768x432.png 768w, https:\/\/postabortionsupport.ca\/wp-content\/uploads\/2021\/07\/213410761_209815081054984_7067185949233401329_n-1536x864.png 1536w, https:\/\/postabortionsupport.ca\/wp-content\/uploads\/2021\/07\/213410761_209815081054984_7067185949233401329_n-640x360.png 640w, https:\/\/postabortionsupport.ca\/wp-content\/uploads\/2021\/07\/213410761_209815081054984_7067185949233401329_n.png 1920w\" sizes=\"auto, (max-width: 1024px) 100vw, 1024px\" \/><\/a><\/figure>\n\n\n\n<p><a href=\"https:\/\/postabortionsupport.ca\/fr\/index.php\/bienvenue\/alleger\/\" target=\"_blank\" rel=\"noreferrer noopener\">Des informations n\u00e9cessaires<\/a> pour vous permettre de prendre du recul, en savoir plus et y voir plus clair pour une perspective plus l\u00e9g\u00e8re.<\/p>\n<\/div>\n\n\n\n<div class=\"wp-block-column is-layout-flow wp-block-column-is-layout-flow\">\n<p><\/p>\n\n\n\n<div class=\"wp-block-image\"><figure class=\"aligncenter size-large\"><a href=\"https:\/\/postabortionsupport.ca\/index.php\/home\/support-here-for-you\/\"><img loading=\"lazy\" decoding=\"async\" width=\"1024\" height=\"576\" src=\"https:\/\/postabortionsupport.ca\/wp-content\/uploads\/2021\/07\/217190051_1240942713028619_3440020278682532385_n-1024x576.png\" alt=\"\" class=\"wp-image-694\" srcset=\"https:\/\/postabortionsupport.ca\/wp-content\/uploads\/2021\/07\/217190051_1240942713028619_3440020278682532385_n-1024x576.png 1024w, https:\/\/postabortionsupport.ca\/wp-content\/uploads\/2021\/07\/217190051_1240942713028619_3440020278682532385_n-300x169.png 300w, https:\/\/postabortionsupport.ca\/wp-content\/uploads\/2021\/07\/217190051_1240942713028619_3440020278682532385_n-768x432.png 768w, https:\/\/postabortionsupport.ca\/wp-content\/uploads\/2021\/07\/217190051_1240942713028619_3440020278682532385_n-1536x864.png 1536w, https:\/\/postabortionsupport.ca\/wp-content\/uploads\/2021\/07\/217190051_1240942713028619_3440020278682532385_n-640x360.png 640w, https:\/\/postabortionsupport.ca\/wp-content\/uploads\/2021\/07\/217190051_1240942713028619_3440020278682532385_n.png 1920w\" sizes=\"auto, (max-width: 1024px) 100vw, 1024px\" \/><\/a><\/figure><\/div>\n\n\n\n<p>Je vous propose un <a href=\"https:\/\/postabortionsupport.ca\/fr\/index.php\/bienvenue\/accompagnement\/\" target=\"_blank\" rel=\"noreferrer noopener\">entretien t\u00e9l\u00e9phonique gratuit<\/a> au cours duquel nous pourrons commencer \u00e0 travailler ensemble pour vous permettre d\u2019aller mieux.<\/p>\n<\/div>\n<\/div>\n\n\n\n<div class=\"wp-block-buttons is-layout-flex wp-block-buttons-is-layout-flex\">\n<div class=\"wp-block-button\"><a class=\"wp-block-button__link\" href=\"https:\/\/postabortionsupport.ca\/fr\/index.php\/bienvenue\/contact\/\" target=\"_blank\" rel=\"noreferrer noopener\">Dites-moi comment je peux vous aider !<\/a><\/div>\n<\/div>\n\n\n\n<div class=\"wp-block-columns is-layout-flex wp-container-core-columns-is-layout-9d6595d7 wp-block-columns-is-layout-flex\">\n<div class=\"wp-block-column is-layout-flow wp-block-column-is-layout-flow\"><\/div>\n\n\n\n<div class=\"wp-block-column is-layout-flow wp-block-column-is-layout-flow\"><\/div>\n<\/div>\n<\/div><\/div>\n\n\n\n<figure class=\"wp-block-pullquote is-style-default\"><blockquote><p><sub><sup>\u00ab\u00a0La compassion abolit l&rsquo;espace entre soi et les autres.\u00a0\u00bb<\/sup><\/sub><\/p><cite>Milarepa<\/cite><\/blockquote><\/figure>\n\n\n\n<p><\/p>\n","protected":false},"excerpt":{"rendered":"<p>L\u2019objectif de ce site est de faciliter l\u2019acc\u00e8s aux ressources disponibles lors d\u2019une interruption de grossesse, plus particuli\u00e8rement le soutien \u00e9motionnel apr\u00e8s un avortement, une grossesse arr\u00eat\u00e9e ou une fausse couche. Ici, vous trouverez : Une liste de toutes les&hellip;  <\/p>\n<p class=\"more-link\"><a href=\"https:\/\/postabortionsupport.ca\/fr\/\">Continue reading <span class=\"meta-nav\">&rarr;<\/span><\/a><\/p>\n","protected":false},"author":2,"featured_media":0,"parent":0,"menu_order":0,"comment_status":"closed","ping_status":"closed","template":"","meta":{"footnotes":""},"class_list":["post-814","page","type-page","status-publish","hentry"],"jetpack_sharing_enabled":true,"_links":{"self":[{"href":"https:\/\/postabortionsupport.ca\/fr\/index.php\/wp-json\/wp\/v2\/pages\/814","targetHints":{"allow":["GET"]}}],"collection":[{"href":"https:\/\/postabortionsupport.ca\/fr\/index.php\/wp-json\/wp\/v2\/pages"}],"about":[{"href":"https:\/\/postabortionsupport.ca\/fr\/index.php\/wp-json\/wp\/v2\/types\/page"}],"author":[{"embeddable":true,"href":"https:\/\/postabortionsupport.ca\/fr\/index.php\/wp-json\/wp\/v2\/users\/2"}],"replies":[{"embeddable":true,"href":"https:\/\/postabortionsupport.ca\/fr\/index.php\/wp-json\/wp\/v2\/comments?post=814"}],"version-history":[{"count":5,"href":"https:\/\/postabortionsupport.ca\/fr\/index.php\/wp-json\/wp\/v2\/pages\/814\/revisions"}],"predecessor-version":[{"id":948,"href":"https:\/\/postabortionsupport.ca\/fr\/index.php\/wp-json\/wp\/v2\/pages\/814\/revisions\/948"}],"wp:attachment":[{"href":"https:\/\/postabortionsupport.ca\/fr\/index.php\/wp-json\/wp\/v2\/media?parent=814"}],"curies":[{"name":"wp","href":"https:\/\/api.w.org\/{rel}","templated":true}]}}